{"id":2656,"date":"2021-01-16T13:16:43","date_gmt":"2021-01-16T13:16:43","guid":{"rendered":"https:\/\/demo.themexbd.com\/wpt\/logonit\/home-5"},"modified":"2023-03-26T22:20:49","modified_gmt":"2023-03-26T22:20:49","slug":"home-5","status":"publish","type":"page","link":"https:\/\/705consulting.com\/","title":{"rendered":"Home 5"},"content":{"rendered":"\t\t<div data-elementor-type=\"wp-page\" data-elementor-id=\"2656\" class=\"elementor elementor-2656\">\n\t\t\t\t\t\t\t\t\t<section class=\"elementor-section elementor-top-section elementor-element elementor-element-5d8bac8 elementor-section-full_width elementor-section-height-default elementor-section-height-default\" data-id=\"5d8bac8\" data-element_type=\"section\" data-settings=\"{&quot;background_background&quot;:&quot;slideshow&quot;,&quot;background_slideshow_gallery&quot;:[{&quot;id&quot;:2659,&quot;url&quot;:&quot;https:\\\/\\\/demo.themexbd.com\\\/wpt\\\/logonit\\\/wp-content\\\/uploads\\\/2021\\\/01\\\/slider11.jpg&quot;},{&quot;id&quot;:2660,&quot;url&quot;:&quot;https:\\\/\\\/demo.themexbd.com\\\/wpt\\\/logonit\\\/wp-content\\\/uploads\\\/2021\\\/01\\\/slider2.jpg&quot;}],&quot;background_slideshow_slide_transition&quot;:&quot;slide_left&quot;,&quot;background_slideshow_transition_duration&quot;:1000,&quot;background_slideshow_loop&quot;:&quot;yes&quot;,&quot;background_slideshow_slide_duration&quot;:5000}\">\n\t\t\t\t\t\t<div class=\"elementor-container elementor-column-gap-no\">\n\t\t\t\t\t<div class=\"elementor-column elementor-col-100 elementor-top-column elementor-element elementor-element-9df22ff\" data-id=\"9df22ff\" data-element_type=\"column\">\n\t\t\t<div class=\"elementor-widget-wrap elementor-element-populated\">\n\t\t\t\t\t\t\t\t<div class=\"elementor-element elementor-element-4e55291 elementor-widget elementor-widget-witr_slick_slider2\" data-id=\"4e55291\" data-element_type=\"widget\" data-widget_type=\"witr_slick_slider2.default\">\n\t\t\t\t<div class=\"elementor-widget-container\">\n\t\t\t\n\n\t<div class=\"witr_ds_content_aream\">\n\t\t  \t\n\t\t\t<div class=\"wirt_ani_slick_image\" style=\"animation: witr_rotate_180  15s  linear  1s  infinite  alternate  running;\">\n\t\t\t\t<div class=\"wirt_ani_slick_image_inner\">\n\t\t\t\t\t<img decoding=\"async\" src=\"https:\/\/azijulbd.com\/themex\/itsolution\/wp-content\/uploads\/2020\/07\/circle.png\">\t\t\t\t<\/div>\n\t\t\t<\/div>\n\t\t\t\n\t<!-- slider area -->\n\t<div class=\"witr_ds_content_area witr_dsider_js_active simages_id44\">\n\n\t\t\t\t\t\t<!-- single slider item -->\n\t\t\t\t\t<div class=\"witr_ds_slider_content witr_slick_content\">\n\t\t\t\t\t\t<div class=\" witr_ds_content witr_slick_height  text-center witr_current_id-9a59cfb\" >\n\t\t\t\t\t\t\t<div class=\"witr_ds_content_inner container\">\n\t\t\t\t\t\t\t\t<!-- title -->\n\t\t\t\t\t\t\t\t\t\t\t\t\t\t\t\t\t<h1>Notre soci\u00e9t\u00e9<\/h1>\n\t\t\t\t\t\t\t\t\t\t\t\t\t\t\t\t<!-- title 2 -->\n\t\t\t\t\t\t\t\t\t\t\t\t\t\t\t\t\t<h2>Accompagnement, Conseil <br\/> et Audit<\/h2>\n\t\t\t\t\t\t\t\t\t\t\t\t\t\t\t\t<!-- title 3 -->\n\t\t\t\t\t\t\t\t\t\t\t\t\t\t\t\t<!-- content -->\n\t\t\t\t\t\t\t\t\t\t\t\t\t\t\t\t\t<p>Services de conception, de gestion et d'assistance informatiques hautement personnalis\u00e9s.<\/p>\n\t\t\t\t\t\t\t\t\t\t\t\t\t\t\t\t\t\t\t\t\n\t\t\t\t\t\t\t\t<!-- inner title -->\n\t\t\t\t\t\t\t\t\t\t\t\t\t\t\t\n\t\t\t\t\t\t\t\n\t\t\t\t\t\t\n\t\t\t\t\t\t\t\n\t\t\t\t\t\t\t\n\t\t\t\t<!-- btn gradient style -->\n\t\t\t\t<div class=\"slider_btn\">\n\t\t\t\t\t<div class=\"witr_btn_style\">\n\t\t\t\t\t\t<div class=\"witr_btn_sinner\">\n\t\t\t\t\t\t\t<!-- button -->\n\t\t\t\t\t\t\t\n\t\t\t\t\t\t\t<!-- video button -->\n\t\t\t\t\t\t\t\t\t\t\t\t\n\t\t\t\t\t\t\t\t\t\t<\/div>\n\t\t\t\t\t\t\t\t\t<\/div>\n\t\t\t\t\t\t\t\t<\/div>\t\t\t\t\t\t\t\n\t\t\t\t\t\t\t<\/div>\n\t\t\t\t\t\t<\/div>\t\t\t\t\t\t\n\t\t\t\t\t<\/div>\n\t\t\t\t\t\t\t\n\t\t\t\t\t\n\n\t\t\t\t\t\t\t<!-- single slider item -->\n\t\t\t\t\t<div class=\"witr_ds_slider_content witr_slick_content\">\n\t\t\t\t\t\t<div class=\" witr_ds_content witr_slick_height  text-center witr_current_id-e73d587\" >\n\t\t\t\t\t\t\t<div class=\"witr_ds_content_inner container\">\n\t\t\t\t\t\t\t\t<!-- title -->\n\t\t\t\t\t\t\t\t\t\t\t\t\t\t\t\t\t<h1>Nos formations<\/h1>\n\t\t\t\t\t\t\t\t\t\t\t\t\t\t\t\t<!-- title 2 -->\n\t\t\t\t\t\t\t\t\t\t\t\t\t\t\t\t\t<h2>Innover, Transformer <br\/>  et Optimiser<\/h2>\n\t\t\t\t\t\t\t\t\t\t\t\t\t\t\t\t<!-- title 3 -->\n\t\t\t\t\t\t\t\t\t\t\t\t\t\t\t\t<!-- content -->\n\t\t\t\t\t\t\t\t\t\t\t\t\t\t\t\t\t<p>nous vous aidons \u00e0 cr\u00e9er les composantes d'une entreprises performante tout en assurant une bonne conduite du changement<\/p>\n\t\t\t\t\t\t\t\t\t\t\t\t\t\t\t\t\t\t\t\t\n\t\t\t\t\t\t\t\t<!-- inner title -->\n\t\t\t\t\t\t\t\t\t\t\t\t\t\t\t\n\t\t\t\t\t\t\t\n\t\t\t\t\t\t\n\t\t\t\t\t\t\t\n\t\t\t\t\t\t\t\n\t\t\t\t<!-- btn gradient style -->\n\t\t\t\t<div class=\"slider_btn\">\n\t\t\t\t\t<div class=\"witr_btn_style\">\n\t\t\t\t\t\t<div class=\"witr_btn_sinner\">\n\t\t\t\t\t\t\t<!-- button -->\n\t\t\t\t\t\t\t\n\t\t\t\t\t\t\t<!-- video button -->\n\t\t\t\t\t\t\t\t\t\t\t\t\n\t\t\t\t\t\t\t\t\t\t<\/div>\n\t\t\t\t\t\t\t\t\t<\/div>\n\t\t\t\t\t\t\t\t<\/div>\t\t\t\t\t\t\t\n\t\t\t\t\t\t\t<\/div>\n\t\t\t\t\t\t<\/div>\t\t\t\t\t\t\n\t\t\t\t\t<\/div>\n\t\t\t\t\t\t\t\n\t\t\t\t\t\n\n\t\t\t\n\t\t<\/div> <!-- end slick slider -->\n\t<\/div> <!-- end animation  -->\n\t\t\t\t<!-- social -->\n\t\t\t<!-- end slider area --> \n\t<script type='text\/javascript'>\n\t\tjQuery(function($){\n\n\n\t\t\t\/*====== Screenshots Slide Slick =======*\/\n\t\t\t$('.simages_id44').slick({\t\n\n\t\t\t\tinfinite: true,\n\t\t\t\tautoplay: true,\n\t\t\t\tautoplaySpeed: 5000,\n\t\t\t\tspeed: 1000,\t\t\t\t\t\n\t\t\t\tslidesToShow: 1,\n\t\t\t\tslidesToScroll: 1,\n\t\t\t\tcenterMode: true,\n\t\t\t\tcenterPadding: '0',\t\t\t\t\t\n\t\t\t\tarrows: true,\n\t\t\t\tdots: false,\n\t\t\t\tresponsive: [\n\t\t\t\t\t{\n\t\t\t\t\t\tbreakpoint: 1200,\n\t\t\t\t\t\tsettings: {\n\t\t\t\t\t\t\tslidesToShow: 1,\n\t\t\t\t\t\t\tslidesToScroll: 1,\n\t\t\t\t\t\t}\n\t\t\t\t},\n\t\t\t\t\t{\n\t\t\t\t\t\tbreakpoint: 992,\n\t\t\t\t\t\tsettings: {\n\t\t\t\t\t\t\tslidesToShow: 1,\n\t\t\t\t\t\t\tslidesToScroll: 1,\n\t\t\t\t\t\t}\n\t\t\t\t},\n\t\t\t\t\t{\n\t\t\t\t\t\tbreakpoint: 768,\n\t\t\t\t\t\tsettings: {\n\t\t\t\t\t\t\tslidesToShow: 1,\n\t\t\t\t\t\t\tslidesToScroll: 1,\n\t\t\t\t\t\t}\n\t\t\t\t}\n\t\t\t\t\/\/ You can unslick at a given breakpoint now by adding:\n\t\t\t\t\/\/ settings: \"unslick\"\n\t\t\t\t\/\/ instead of a settings object\n\t\t\t\t]\n\t\t\t});\n\n\t\t});\n\t<\/script>\t\t\n\t\t\n\t\t\n\t\t<\/div>\n\t\t\t\t<\/div>\n\t\t\t\t\t<\/div>\n\t\t<\/div>\n\t\t\t\t\t\t\t<\/div>\n\t\t<\/section>\n\t\t\t\t<section class=\"elementor-section elementor-top-section elementor-element elementor-element-a946bbc elementor-section-boxed elementor-section-height-default elementor-section-height-default\" data-id=\"a946bbc\" data-element_type=\"section\">\n\t\t\t\t\t\t<div class=\"elementor-container elementor-column-gap-default\">\n\t\t\t\t\t<div class=\"elementor-column elementor-col-100 elementor-top-column elementor-element elementor-element-bd28082\" data-id=\"bd28082\" data-element_type=\"column\">\n\t\t\t<div class=\"elementor-widget-wrap elementor-element-populated\">\n\t\t\t\t\t\t\t\t<section class=\"elementor-section elementor-inner-section elementor-element elementor-element-b6058dc elementor-section-boxed elementor-section-height-default elementor-section-height-default\" data-id=\"b6058dc\" data-element_type=\"section\">\n\t\t\t\t\t\t<div class=\"elementor-container elementor-column-gap-default\">\n\t\t\t\t\t<div class=\"elementor-column elementor-col-100 elementor-inner-column elementor-element elementor-element-11ca988\" data-id=\"11ca988\" data-element_type=\"column\">\n\t\t\t<div class=\"elementor-widget-wrap elementor-element-populated\">\n\t\t\t\t\t\t\t\t<div class=\"elementor-element elementor-element-946bf5d logonit-star-rating--align-center elementor-widget elementor-widget-witr_section_t_widget\" data-id=\"946bf5d\" data-element_type=\"widget\" data-widget_type=\"witr_section_t_widget.default\">\n\t\t\t\t<div class=\"elementor-widget-container\">\n\t\t\t\t\t\t\t\t<!-- text widget center -->\n\t\t\t\t\t<div class=\"witr_text_widget\">\n\t\t\t\t\t\t<div class=\"witr_text_widget_inner\">\n\t\t\t\t\t\t\t<!-- text widget top -->\n\t\t\t\t\t\t\t\t\t\t\t\t\t\t\t<h1>Qui sommes nous<\/h1>\t\t\n\t\t\t\t\t\t\t\t\t\t\t\t\t\n\t\t\t\t\t\t\t<!-- text widget middle -->\n\t\t\t\t\t\t\t\t\t\t\t\t\t\t\t<h2>Cabinet de recrutement sp\u00e9cialiste\ndes fonctions digitales et marketing<\/h2>\t\t\n\t\t\t\t\t\t\t\t\t\t\t\t\t\t<!-- text widget bottom -->\n\t\t\t\t\t\t\t\t\t\t\t\t\t\n\t\t\t\t\t\t\t\n\t\t\t\t\t\t\t<!-- content -->\n\t\t\t\t\t\t\t\t\t\t\t\t\t\t\n\t\t\t\t\t\t\t<!--- repeater content --->\n\t\t\t\t\t\t\t\n\t\t\t\t\t\t\t\t\t\t\t\t\t\t\n\t\t\t\t\t\t<\/div>\n\t\t\t\t\t<\/div>\n\n\t\t\t\t\t\t<\/div>\n\t\t\t\t<\/div>\n\t\t\t\t<div class=\"elementor-element elementor-element-cd5b0a9 elementor-widget elementor-widget-witr_section_t_widget\" data-id=\"cd5b0a9\" data-element_type=\"widget\" data-widget_type=\"witr_section_t_widget.default\">\n\t\t\t\t<div class=\"elementor-widget-container\">\n\t\t\t\t\t\t\t\t<!-- text widget center -->\n\t\t\t\t\t<div class=\"witr_text_widget\">\n\t\t\t\t\t\t<div class=\"witr_text_widget_inner\">\n\t\t\t\t\t\t\t<!-- text widget top -->\n\t\t\t\t\t\t\t\t\t\t\t\t\t\n\t\t\t\t\t\t\t<!-- text widget middle -->\n\t\t\t\t\t\t\t\t\t\t\t\t\t\t<!-- text widget bottom -->\n\t\t\t\t\t\t\t\t\t\t\t\t\t\n\t\t\t\t\t\t\t\n\t\t\t\t\t\t\t<!-- content -->\n\t\t\t\t\t\t\t\t\t\t\t\t\t\t\t<p><p>705 CONSULTING est un centre de formation professionnelle continue avec comme activit\u00e9 principale la vente de formations aupr\u00e8s des entreprises, administrations et particuliers.<\/p><p>705 CONSULTING\u00a0 propose un catalogue de plusieurs formations dans divers domaines comme le Management, l\u2019Informatique et les R\u00e9seaux la Gestion de Projets, etc\u2026 anim\u00e9es par un r\u00e9seau de pr\u00e8s d'une centaine de formateurs internes et externes.\u00a0<br \/>705 est un ensemble de soci\u00e9t\u00e9s de services implant\u00e9es \u00e0 Houston au Etats Unis, \u00e0 Lille en France, \u00e0 Abidjan en C\u00f4te d'ivoire et Antananarivo \u00e0 Madagascar\u00a0<\/p><\/p>\t\t\n\t\t\t\t\t\t\t\t\t\t\t\t\t\t\n\t\t\t\t\t\t\t<!--- repeater content --->\n\t\t\t\t\t\t\t\n\t\t\t\t\t\t\t\t\t\t\t\t\t\t\n\t\t\t\t\t\t<\/div>\n\t\t\t\t\t<\/div>\n\n\t\t\t\t\t\t<\/div>\n\t\t\t\t<\/div>\n\t\t\t\t\t<\/div>\n\t\t<\/div>\n\t\t\t\t\t\t\t<\/div>\n\t\t<\/section>\n\t\t\t\t\t<\/div>\n\t\t<\/div>\n\t\t\t\t\t\t\t<\/div>\n\t\t<\/section>\n\t\t\t\t<section class=\"elementor-section elementor-top-section elementor-element elementor-element-824c467 elementor-section-boxed elementor-section-height-default elementor-section-height-default\" data-id=\"824c467\" data-element_type=\"section\">\n\t\t\t\t\t\t<div class=\"elementor-container elementor-column-gap-default\">\n\t\t\t\t\t<div class=\"elementor-column elementor-col-100 elementor-top-column elementor-element elementor-element-94588a4\" data-id=\"94588a4\" data-element_type=\"column\">\n\t\t\t<div class=\"elementor-widget-wrap elementor-element-populated\">\n\t\t\t\t\t\t\t\t<div class=\"elementor-element elementor-element-f990312 elementor-widget elementor-widget-witr_section_title\" data-id=\"f990312\" data-element_type=\"widget\" data-widget_type=\"witr_section_title.default\">\n\t\t\t\t<div class=\"elementor-widget-container\">\n\t\t\t\t\t\t\t\t<!-- title center -->\n\t\t\t\t\t<div class=\"witr_section_title\">\n\t\t\t\t\t\t<div class=\"witr_section_title_inner text-center\">\n\t\t\t\t\t\t\n\t\t\t\t\t\t\t<!--<div class=\"witr_title_lines\"><span class=\"witr_line_shaps\"><span class=\"witr_shape_dv\">Divider <i aria-hidden=\"true\" class=\"fas fa-star\"><\/i><\/span><\/span><\/div>-->\n\t\t\t\t\t\t\t<!-- icon position -->\n\t\t\t\t\t\t\t\t\n\t\t\t\t\t\t\t<!-- end icon position -->\n\t\t\t\t\t\t\t\n\t\t\t\t\t\t\n\t\t\t\t\t\t\t<!-- title top -->\n\t\t\t\t\t\t\t\t\t\t\t\t\t\t\t<h2>POURQUOI NOUS ?<\/h2>\t\t\n\t\t\t\t\t\t\t\n\n\t\t\t\t\t\t\t<!-- icon position -->\n\t\t\t\t\t\t\t\t\n\t\t\t\t\t\t\t<!-- end icon position -->\n\n\n\t\t\t\t\t\t\t\n\t\t\t\t\t\t\t<!-- title middle -->\n\t\t\t\t\t\t\t\t\t\t\t\t\t\t\t<h3>Pourquoi choisir\nnos solutions ?<\/h3>\t\t\n\t\t\t\t\t\t\t\t\t\t\t\t\t\t<!-- title bottom -->\n\t\t\t\t\t\t\t\n\t\t\t\t\t\t\t\n\t\t\t\t\t\t\t\n\t\t\t\t\t\t\t\t\t\t\t\t\t\t\n\t\t\t\t\t\t\t<!-- image -->\n\t\t\t\t\t\t\t\t\t\t\t\t\t\t<!-- icon -->\n\t\t\t\t\t\t\t\t\t\t\t\t\t\t\n\t\t\t\t\t\t\t<!-- bar -->\n\t\t\t\t\t\t\t\t\t\t\t\t\t\t<!-- circle bar -->\n\t\t\t\t\t\t\t\t\t\t\t\t\t\t\n\t\t\t\t\t\t\t\t\n\t\t\t\t\t\t\t\n\n\t\t\t\t\t\t\t\n\t\t\t\t\t\t\t<!-- content -->\n\t\t\t\t\t\t\t\t\t\t\t\t\t\t\n\t\t\t\t\t\t<\/div>\n\t\t\t\t\t\t\t<!-- inner title -->\n\t\t\t\t\t\t\t\t\t\t\t\t\t\n\t\t\t\t\t<\/div>\n\n\t\t\t\t\t\t<\/div>\n\t\t\t\t<\/div>\n\t\t\t\t\t<\/div>\n\t\t<\/div>\n\t\t\t\t\t\t\t<\/div>\n\t\t<\/section>\n\t\t\t\t<section class=\"elementor-section elementor-top-section elementor-element elementor-element-fba0dca elementor-section-boxed elementor-section-height-default elementor-section-height-default\" data-id=\"fba0dca\" data-element_type=\"section\">\n\t\t\t\t\t\t<div class=\"elementor-container elementor-column-gap-default\">\n\t\t\t\t\t<div class=\"elementor-column elementor-col-25 elementor-top-column elementor-element elementor-element-7a2c739\" data-id=\"7a2c739\" data-element_type=\"column\">\n\t\t\t<div class=\"elementor-widget-wrap elementor-element-populated\">\n\t\t\t\t\t\t\t\t<div class=\"elementor-element elementor-element-f01745b elementor-widget elementor-widget-witr_section_service\" data-id=\"f01745b\" data-element_type=\"widget\" data-widget_type=\"witr_section_service.default\">\n\t\t\t\t<div class=\"elementor-widget-container\">\n\t\t\t\t\t\n\t\t<div class=\"witr_service_10  all_color_service   single_seivice_ani \">\n\t\t\t<div class=\"serIcon SIBG_1  service_text all_icon_color\">\n\t\t\t\t<!-- icon -->\n\t\t\t\t\t\t\t\t<!-- custom icon -->\n\t\t\t\t\t\t\t\t\n\t\t\t\t<!-- image -->\n\t\t\t\t\t\t\t\n\t\t\t<\/div>\n\t\t\t<div class=\"detail_SS\">\n\t\t\t\t<!-- title -->\n\t\t\t\t\t\t\t\t<!-- content -->\n\t\t\t\t\t\t\t\t\t<p>Nous sommes sp\u00e9cialistes des fonctions de la marketing, du digital. Notre expertise, c\u2019est notre exp\u00e9rience.  Avec plusieurs experts  <\/p>\t\t\n\t\t\t\t\t\t\t\t<!--- list content --->\n\t\t\t\t\t\t\t\t\n\t\t\t\t<!-- button -->\n\t\t\t\t\t\t\t<\/div>\n\t\t<\/div>\t\t\t\n\n\n\t\t\t\t<\/div>\n\t\t\t\t<\/div>\n\t\t\t\t\t<\/div>\n\t\t<\/div>\n\t\t\t\t<div class=\"elementor-column elementor-col-25 elementor-top-column elementor-element elementor-element-57a00c0\" data-id=\"57a00c0\" data-element_type=\"column\">\n\t\t\t<div class=\"elementor-widget-wrap elementor-element-populated\">\n\t\t\t\t\t\t\t\t<div class=\"elementor-element elementor-element-82539af elementor-widget elementor-widget-witr_section_service\" data-id=\"82539af\" data-element_type=\"widget\" data-widget_type=\"witr_section_service.default\">\n\t\t\t\t<div class=\"elementor-widget-container\">\n\t\t\t\t\t\n\t\t<div class=\"witr_service_10  all_color_service \">\n\t\t\t<div class=\"serIcon SIBG_1  service_text all_icon_color\">\n\t\t\t\t<!-- icon -->\n\t\t\t\t\t\t\t\t<!-- custom icon -->\n\t\t\t\t\t\t\t\t\n\t\t\t\t<!-- image -->\n\t\t\t\t\t\t\t\n\t\t\t<\/div>\n\t\t\t<div class=\"detail_SS\">\n\t\t\t\t<!-- title -->\n\t\t\t\t\t\t\t\t<!-- content -->\n\t\t\t\t\t\t\t\t\t<p>Nous accompagnons des entreprises en fort d\u00e9veloppement en intervenant dans les domaines du recrutement, formation et le conseil. <\/p>\t\t\n\t\t\t\t\t\t\t\t<!--- list content --->\n\t\t\t\t\t\t\t\t\n\t\t\t\t<!-- button -->\n\t\t\t\t\t\t\t<\/div>\n\t\t<\/div>\t\t\t\n\n\n\t\t\t\t<\/div>\n\t\t\t\t<\/div>\n\t\t\t\t\t<\/div>\n\t\t<\/div>\n\t\t\t\t<div class=\"elementor-column elementor-col-25 elementor-top-column elementor-element elementor-element-cb6fe99\" data-id=\"cb6fe99\" data-element_type=\"column\">\n\t\t\t<div class=\"elementor-widget-wrap elementor-element-populated\">\n\t\t\t\t\t\t\t\t<div class=\"elementor-element elementor-element-1aba9dd elementor-widget elementor-widget-witr_section_service\" data-id=\"1aba9dd\" data-element_type=\"widget\" data-widget_type=\"witr_section_service.default\">\n\t\t\t\t<div class=\"elementor-widget-container\">\n\t\t\t\t\t\n\t\t<div class=\"witr_service_10  all_color_service \">\n\t\t\t<div class=\"serIcon SIBG_1  service_text all_icon_color\">\n\t\t\t\t<!-- icon -->\n\t\t\t\t\t\t\t\t<!-- custom icon -->\n\t\t\t\t\t\t\t\t\n\t\t\t\t<!-- image -->\n\t\t\t\t\t\t\t\n\t\t\t<\/div>\n\t\t\t<div class=\"detail_SS\">\n\t\t\t\t<!-- title -->\n\t\t\t\t\t\t\t\t<!-- content -->\n\t\t\t\t\t\t\t\t\t<p>Nous pouvons r\u00e9pondre \u00e0 des besoins r\u00e9currents  et ainsi permettre \u00e0 nos clients de profiter des comp\u00e9tences de sp\u00e9cialistes externalis\u00e9s. <\/p>\t\t\n\t\t\t\t\t\t\t\t<!--- list content --->\n\t\t\t\t\t\t\t\t\n\t\t\t\t<!-- button -->\n\t\t\t\t\t\t\t<\/div>\n\t\t<\/div>\t\t\t\n\n\n\t\t\t\t<\/div>\n\t\t\t\t<\/div>\n\t\t\t\t\t<\/div>\n\t\t<\/div>\n\t\t\t\t<div class=\"elementor-column elementor-col-25 elementor-top-column elementor-element elementor-element-006492f\" data-id=\"006492f\" data-element_type=\"column\">\n\t\t\t<div class=\"elementor-widget-wrap elementor-element-populated\">\n\t\t\t\t\t\t\t\t<div class=\"elementor-element elementor-element-03ea8a3 elementor-widget elementor-widget-witr_section_service\" data-id=\"03ea8a3\" data-element_type=\"widget\" data-widget_type=\"witr_section_service.default\">\n\t\t\t\t<div class=\"elementor-widget-container\">\n\t\t\t\t\t\n\t\t<div class=\"witr_service_10  all_color_service \">\n\t\t\t<div class=\"serIcon SIBG_1  service_text all_icon_color\">\n\t\t\t\t<!-- icon -->\n\t\t\t\t\t\t\t\t<!-- custom icon -->\n\t\t\t\t\t\t\t\t\n\t\t\t\t<!-- image -->\n\t\t\t\t\t\t\t\n\t\t\t<\/div>\n\t\t\t<div class=\"detail_SS\">\n\t\t\t\t<!-- title -->\n\t\t\t\t\t\t\t\t<!-- content -->\n\t\t\t\t\t\t\t\t\t<p>Nous avons la culture du r\u00e9sultat et la confiance, notre approche est r\u00e9solument pragmatique, les objectifs de nos clients sont nos objectifs. <\/p>\t\t\n\t\t\t\t\t\t\t\t<!--- list content --->\n\t\t\t\t\t\t\t\t\n\t\t\t\t<!-- button -->\n\t\t\t\t\t\t\t<\/div>\n\t\t<\/div>\t\t\t\n\n\n\t\t\t\t<\/div>\n\t\t\t\t<\/div>\n\t\t\t\t\t<\/div>\n\t\t<\/div>\n\t\t\t\t\t\t\t<\/div>\n\t\t<\/section>\n\t\t\t\t\t\t\t<\/div>\n\t\t","protected":false},"excerpt":{"rendered":"<p>Notre soci\u00e9t\u00e9 Accompagnement, Conseil et Audit Services de conception, de gestion et d&#8217;assistance informatiques hautement personnalis\u00e9s. Nos formations Innover, Transformer et Optimiser nous vous aidons \u00e0 cr\u00e9er les composantes d&#8217;une entreprises performante tout en assurant une bonne conduite du changement Qui sommes nous Cabinet de recrutement sp\u00e9cialiste des fonctions digitales et marketing 705 CONSULTING est [&hellip;]<\/p>\n","protected":false},"author":1,"featured_media":0,"parent":0,"menu_order":0,"comment_status":"closed","ping_status":"closed","template":"template-home.php","meta":{"footnotes":""},"class_list":["post-2656","page","type-page","status-publish","hentry"],"_links":{"self":[{"href":"https:\/\/705consulting.com\/index.php\/wp-json\/wp\/v2\/pages\/2656","targetHints":{"allow":["GET"]}}],"collection":[{"href":"https:\/\/705consulting.com\/index.php\/wp-json\/wp\/v2\/pages"}],"about":[{"href":"https:\/\/705consulting.com\/index.php\/wp-json\/wp\/v2\/types\/page"}],"author":[{"embeddable":true,"href":"https:\/\/705consulting.com\/index.php\/wp-json\/wp\/v2\/users\/1"}],"replies":[{"embeddable":true,"href":"https:\/\/705consulting.com\/index.php\/wp-json\/wp\/v2\/comments?post=2656"}],"version-history":[{"count":44,"href":"https:\/\/705consulting.com\/index.php\/wp-json\/wp\/v2\/pages\/2656\/revisions"}],"predecessor-version":[{"id":13660,"href":"https:\/\/705consulting.com\/index.php\/wp-json\/wp\/v2\/pages\/2656\/revisions\/13660"}],"wp:attachment":[{"href":"https:\/\/705consulting.com\/index.php\/wp-json\/wp\/v2\/media?parent=2656"}],"curies":[{"name":"wp","href":"https:\/\/api.w.org\/{rel}","templated":true}]}}