{"id":13173,"date":"2022-08-08T20:14:17","date_gmt":"2022-08-08T20:14:17","guid":{"rendered":"https:\/\/705consulting.com\/?page_id=13173"},"modified":"2022-10-10T20:20:52","modified_gmt":"2022-10-10T20:20:52","slug":"consulting","status":"publish","type":"page","link":"https:\/\/705consulting.com\/index.php\/consulting\/","title":{"rendered":"Consulting"},"content":{"rendered":"\t\t<div data-elementor-type=\"wp-page\" data-elementor-id=\"13173\" class=\"elementor elementor-13173\">\n\t\t\t\t\t\t\t\t\t<section class=\"elementor-section elementor-top-section elementor-element elementor-element-7e304e2f elementor-section-boxed elementor-section-height-default elementor-section-height-default\" data-id=\"7e304e2f\" data-element_type=\"section\">\n\t\t\t\t\t\t<div class=\"elementor-container elementor-column-gap-default\">\n\t\t\t\t\t<div class=\"elementor-column elementor-col-100 elementor-top-column elementor-element elementor-element-7ce5fe61\" data-id=\"7ce5fe61\" data-element_type=\"column\">\n\t\t\t<div class=\"elementor-widget-wrap elementor-element-populated\">\n\t\t\t\t\t\t\t\t<div class=\"elementor-element elementor-element-215b7baa elementor-widget elementor-widget-witr_section_title\" data-id=\"215b7baa\" data-element_type=\"widget\" data-widget_type=\"witr_section_title.default\">\n\t\t\t\t<div class=\"elementor-widget-container\">\n\t\t\t\t\t\t\t\t<!-- title center -->\n\t\t\t\t\t<div class=\"witr_section_title\">\n\t\t\t\t\t\t<div class=\"witr_section_title_inner text-center\">\n\t\t\t\t\t\t\n\t\t\t\t\t\t\t<!--<div class=\"witr_title_lines\"><span class=\"witr_line_shaps\"><span class=\"witr_shape_dv\">Divider <i aria-hidden=\"true\" class=\"fas fa-star\"><\/i><\/span><\/span><\/div>-->\n\t\t\t\t\t\t\t<!-- icon position -->\n\t\t\t\t\t\t\t\t\n\t\t\t\t\t\t\t<!-- end icon position -->\n\t\t\t\t\t\t\t\n\t\t\t\t\t\t\n\t\t\t\t\t\t\t<!-- title top -->\n\t\t\t\t\t\t\t\n\n\t\t\t\t\t\t\t<!-- icon position -->\n\t\t\t\t\t\t\t\t\n\t\t\t\t\t\t\t<!-- end icon position -->\n\n\n\t\t\t\t\t\t\t\n\t\t\t\t\t\t\t<!-- title middle -->\n\t\t\t\t\t\t\t\t\t\t\t\t\t\t\t<h3>Notre mission est d'accompagner les entreprises et les organisations dans leurs d\u00e9marches d'am\u00e9lioration continue\u00a0et de recherche de la\u00a0performance.\nA travers l'acc\u00e8s \u00e0 une\u00a0certification ISO, le d\u00e9ploiement de l'Excellence Op\u00e9rationnelle, une\u00a0gestion efficiente des projets initi\u00e9s\u00a0et un\u00a0management efficace.<\/h3>\t\t\n\t\t\t\t\t\t\t\t\t\t\t\t\t\t<!-- title bottom -->\n\t\t\t\t\t\t\t\n\t\t\t\t\t\t\t\n\t\t\t\t\t\t\t\n\t\t\t\t\t\t\t\t\t\t\t\t\t\t\n\t\t\t\t\t\t\t<!-- image -->\n\t\t\t\t\t\t\t\t\t\t\t\t\t\t<!-- icon -->\n\t\t\t\t\t\t\t\t\t\t\t\t\t\t\n\t\t\t\t\t\t\t<!-- bar -->\n\t\t\t\t\t\t\t\t\t\t\t\t\t\t<!-- circle bar -->\n\t\t\t\t\t\t\t\t\t\t\t\t\t\t\n\t\t\t\t\t\t\t\t\n\t\t\t\t\t\t\t\n\n\t\t\t\t\t\t\t\n\t\t\t\t\t\t\t<!-- content -->\n\t\t\t\t\t\t\t\t\t\t\t\t\t\t\n\t\t\t\t\t\t<\/div>\n\t\t\t\t\t\t\t<!-- inner title -->\n\t\t\t\t\t\t\t\t\t\t\t\t\t\t\t<div class=\"witr_back_title\">\n\t\t\t\t\t\t\t\t\t<h4>consulting<\/h4>\n\t\t\t\t\t\t\t\t<\/div>\n\t\t\t\t\t\t\t\t\t\t\t\t\t\n\t\t\t\t\t<\/div>\n\n\t\t\t\t\t\t<\/div>\n\t\t\t\t<\/div>\n\t\t\t\t<section class=\"elementor-section elementor-inner-section elementor-element elementor-element-47b550a8 elementor-section-boxed elementor-section-height-default elementor-section-height-default\" data-id=\"47b550a8\" data-element_type=\"section\">\n\t\t\t\t\t\t<div class=\"elementor-container elementor-column-gap-default\">\n\t\t\t\t\t<div class=\"elementor-column elementor-col-50 elementor-inner-column elementor-element elementor-element-4047cd9b\" data-id=\"4047cd9b\" data-element_type=\"column\">\n\t\t\t<div class=\"elementor-widget-wrap elementor-element-populated\">\n\t\t\t\t\t\t\t\t<div class=\"elementor-element elementor-element-586a1353 elementor-position-top elementor-vertical-align-top elementor-widget elementor-widget-image-box\" data-id=\"586a1353\" data-element_type=\"widget\" data-widget_type=\"image-box.default\">\n\t\t\t\t<div class=\"elementor-widget-container\">\n\t\t\t<style>\/*! elementor - v3.7.8 - 02-10-2022 *\/\n.elementor-widget-image-box .elementor-image-box-content{width:100%}@media (min-width:768px){.elementor-widget-image-box.elementor-position-left .elementor-image-box-wrapper,.elementor-widget-image-box.elementor-position-right .elementor-image-box-wrapper{display:-webkit-box;display:-ms-flexbox;display:flex}.elementor-widget-image-box.elementor-position-right .elementor-image-box-wrapper{text-align:right;-webkit-box-orient:horizontal;-webkit-box-direction:reverse;-ms-flex-direction:row-reverse;flex-direction:row-reverse}.elementor-widget-image-box.elementor-position-left .elementor-image-box-wrapper{text-align:left;-webkit-box-orient:horizontal;-webkit-box-direction:normal;-ms-flex-direction:row;flex-direction:row}.elementor-widget-image-box.elementor-position-top .elementor-image-box-img{margin:auto}.elementor-widget-image-box.elementor-vertical-align-top .elementor-image-box-wrapper{-webkit-box-align:start;-ms-flex-align:start;align-items:flex-start}.elementor-widget-image-box.elementor-vertical-align-middle .elementor-image-box-wrapper{-webkit-box-align:center;-ms-flex-align:center;align-items:center}.elementor-widget-image-box.elementor-vertical-align-bottom .elementor-image-box-wrapper{-webkit-box-align:end;-ms-flex-align:end;align-items:flex-end}}@media (max-width:767px){.elementor-widget-image-box .elementor-image-box-img{margin-left:auto!important;margin-right:auto!important;margin-bottom:15px}}.elementor-widget-image-box .elementor-image-box-img{display:inline-block}.elementor-widget-image-box .elementor-image-box-title a{color:inherit}.elementor-widget-image-box .elementor-image-box-wrapper{text-align:center}.elementor-widget-image-box .elementor-image-box-description{margin:0}<\/style><div class=\"elementor-image-box-wrapper\"><figure class=\"elementor-image-box-img\"><img loading=\"lazy\" decoding=\"async\" width=\"370\" height=\"400\" src=\"https:\/\/705consulting.com\/wp-content\/uploads\/2021\/01\/case1.jpg\" class=\"elementor-animation-float attachment-full size-full\" alt=\"\" \/><\/figure><div class=\"elementor-image-box-content\"><h3 class=\"elementor-image-box-title\">Certification ISO<\/h3><p class=\"elementor-image-box-description\">705 Consulting\u00a0vous accompagne jusqu\u2019\u00e0 la certification ISO de votre organisation et m\u00eame au-del\u00e0 en vous proposant d\u2019externaliser la gestion de votre syst\u00e8me une fois la certification acquise. La certification ISO est l\u2019occasion pour votre organisation d\u2019am\u00e9liorer ses processus et d\u2019obtenir une reconnaissance par vos clients, fournisseurs ou bailleurs des efforts mis en \u0153uvre et de vous d\u00e9marquer ainsi de la concurrence. <\/p><\/div><\/div>\t\t<\/div>\n\t\t\t\t<\/div>\n\t\t\t\t\t<\/div>\n\t\t<\/div>\n\t\t\t\t<div class=\"elementor-column elementor-col-50 elementor-inner-column elementor-element elementor-element-a449a27\" data-id=\"a449a27\" data-element_type=\"column\">\n\t\t\t<div class=\"elementor-widget-wrap elementor-element-populated\">\n\t\t\t\t\t\t\t\t<div class=\"elementor-element elementor-element-6e672ca6 elementor-position-top elementor-vertical-align-top elementor-widget elementor-widget-image-box\" data-id=\"6e672ca6\" data-element_type=\"widget\" data-widget_type=\"image-box.default\">\n\t\t\t\t<div class=\"elementor-widget-container\">\n\t\t\t<div class=\"elementor-image-box-wrapper\"><figure class=\"elementor-image-box-img\"><img loading=\"lazy\" decoding=\"async\" width=\"530\" height=\"552\" src=\"https:\/\/705consulting.com\/wp-content\/uploads\/2021\/01\/skill-1.png\" class=\"elementor-animation-float attachment-full size-full\" alt=\"\" \/><\/figure><div class=\"elementor-image-box-content\"><h3 class=\"elementor-image-box-title\">Gestion de projet<\/h3><p class=\"elementor-image-box-description\">S\u00e9curisez votre projet depuis son d\u00e9marrage jusqu'\u00e0 sa livraison\n\nQuel que soit votre projet,\u00a0705 Consulting\u00a0se positionne comme un r\u00e9el partenaire en suivant \u00e9troitement, avec vos \u00e9quipes, les diff\u00e9rentes phases de vos projets pour garantir de leur bon d\u00e9roulement dans le respect de l\u2019\u00e9quilibre qualit\u00e9-co\u00fbt-d\u00e9lais.\n<\/p><\/div><\/div>\t\t<\/div>\n\t\t\t\t<\/div>\n\t\t\t\t\t<\/div>\n\t\t<\/div>\n\t\t\t\t\t\t\t<\/div>\n\t\t<\/section>\n\t\t\t\t<section class=\"elementor-section elementor-inner-section elementor-element elementor-element-e58bf13 elementor-section-boxed elementor-section-height-default elementor-section-height-default\" data-id=\"e58bf13\" data-element_type=\"section\">\n\t\t\t\t\t\t<div class=\"elementor-container elementor-column-gap-default\">\n\t\t\t\t\t<div class=\"elementor-column elementor-col-50 elementor-inner-column elementor-element elementor-element-bebf79a\" data-id=\"bebf79a\" data-element_type=\"column\">\n\t\t\t<div class=\"elementor-widget-wrap elementor-element-populated\">\n\t\t\t\t\t\t\t\t<div class=\"elementor-element elementor-element-0682cdb elementor-position-top elementor-vertical-align-top elementor-widget elementor-widget-image-box\" data-id=\"0682cdb\" data-element_type=\"widget\" data-widget_type=\"image-box.default\">\n\t\t\t\t<div class=\"elementor-widget-container\">\n\t\t\t<div class=\"elementor-image-box-wrapper\"><figure class=\"elementor-image-box-img\"><img loading=\"lazy\" decoding=\"async\" width=\"530\" height=\"552\" src=\"https:\/\/705consulting.com\/wp-content\/uploads\/2021\/01\/about5.png\" class=\"elementor-animation-float attachment-full size-full\" alt=\"\" \/><\/figure><div class=\"elementor-image-box-content\"><h3 class=\"elementor-image-box-title\">Management des personnes et GRH<\/h3><p class=\"elementor-image-box-description\">Indispensable pour mener la conduite du changement. Pour gagner en efficacit\u00e9 professionnelle aupr\u00e8s de vos \u00e9quipes manag\u00e9riales et op\u00e9rationnelles et am\u00e9liorer la performance de votre organisation<\/p><\/div><\/div>\t\t<\/div>\n\t\t\t\t<\/div>\n\t\t\t\t\t<\/div>\n\t\t<\/div>\n\t\t\t\t<div class=\"elementor-column elementor-col-50 elementor-inner-column elementor-element elementor-element-8872306\" data-id=\"8872306\" data-element_type=\"column\">\n\t\t\t<div class=\"elementor-widget-wrap elementor-element-populated\">\n\t\t\t\t\t\t\t\t<div class=\"elementor-element elementor-element-95ce863 elementor-position-top elementor-vertical-align-top elementor-widget elementor-widget-image-box\" data-id=\"95ce863\" data-element_type=\"widget\" data-widget_type=\"image-box.default\">\n\t\t\t\t<div class=\"elementor-widget-container\">\n\t\t\t<div class=\"elementor-image-box-wrapper\"><figure class=\"elementor-image-box-img\"><img loading=\"lazy\" decoding=\"async\" width=\"370\" height=\"400\" src=\"https:\/\/705consulting.com\/wp-content\/uploads\/2021\/01\/case2.jpg\" class=\"elementor-animation-float attachment-full size-full\" alt=\"\" \/><\/figure><div class=\"elementor-image-box-content\"><h3 class=\"elementor-image-box-title\">Gestion et am\u00e9lioration des processus<\/h3><p class=\"elementor-image-box-description\">\nL\u2019Excellence Op\u00e9rationnelle est l\u2019ensemble des m\u00e9thodes et des pratiques visant \u00e0 am\u00e9liorer les performances de l\u2019entreprise au b\u00e9n\u00e9fice des parties prenantes (clients, travailleurs, fournisseurs, partenaires et actionnaires).<\/p><\/div><\/div>\t\t<\/div>\n\t\t\t\t<\/div>\n\t\t\t\t\t<\/div>\n\t\t<\/div>\n\t\t\t\t\t\t\t<\/div>\n\t\t<\/section>\n\t\t\t\t\t<\/div>\n\t\t<\/div>\n\t\t\t\t\t\t\t<\/div>\n\t\t<\/section>\n\t\t\t\t\t\t\t<\/div>\n\t\t","protected":false},"excerpt":{"rendered":"<p>Notre mission est d&#8217;accompagner les entreprises et les organisations dans leurs d\u00e9marches d&#8217;am\u00e9lioration continue\u00a0et de recherche de la\u00a0performance. A travers l&#8217;acc\u00e8s \u00e0 une\u00a0certification ISO, le d\u00e9ploiement de l&#8217;Excellence Op\u00e9rationnelle, une\u00a0gestion efficiente des projets initi\u00e9s\u00a0et un\u00a0management efficace. consulting Certification ISO 705 Consulting\u00a0vous accompagne jusqu\u2019\u00e0 la certification ISO de votre organisation et m\u00eame au-del\u00e0 en vous proposant [&hellip;]<\/p>\n","protected":false},"author":1,"featured_media":0,"parent":0,"menu_order":0,"comment_status":"closed","ping_status":"closed","template":"","meta":{"footnotes":""},"class_list":["post-13173","page","type-page","status-publish","hentry"],"_links":{"self":[{"href":"https:\/\/705consulting.com\/index.php\/wp-json\/wp\/v2\/pages\/13173","targetHints":{"allow":["GET"]}}],"collection":[{"href":"https:\/\/705consulting.com\/index.php\/wp-json\/wp\/v2\/pages"}],"about":[{"href":"https:\/\/705consulting.com\/index.php\/wp-json\/wp\/v2\/types\/page"}],"author":[{"embeddable":true,"href":"https:\/\/705consulting.com\/index.php\/wp-json\/wp\/v2\/users\/1"}],"replies":[{"embeddable":true,"href":"https:\/\/705consulting.com\/index.php\/wp-json\/wp\/v2\/comments?post=13173"}],"version-history":[{"count":26,"href":"https:\/\/705consulting.com\/index.php\/wp-json\/wp\/v2\/pages\/13173\/revisions"}],"predecessor-version":[{"id":13272,"href":"https:\/\/705consulting.com\/index.php\/wp-json\/wp\/v2\/pages\/13173\/revisions\/13272"}],"wp:attachment":[{"href":"https:\/\/705consulting.com\/index.php\/wp-json\/wp\/v2\/media?parent=13173"}],"curies":[{"name":"wp","href":"https:\/\/api.w.org\/{rel}","templated":true}]}}