{"id":12992,"date":"2022-07-07T21:15:08","date_gmt":"2022-07-07T21:15:08","guid":{"rendered":"http:\/\/705consulting.com\/?page_id=12992"},"modified":"2022-07-07T21:46:40","modified_gmt":"2022-07-07T21:46:40","slug":"formation-qlik-sense","status":"publish","type":"page","link":"https:\/\/705consulting.com\/index.php\/formation-qlik-sense\/","title":{"rendered":"FORMATION QLIK SENSE"},"content":{"rendered":"\t\t<div data-elementor-type=\"wp-page\" data-elementor-id=\"12992\" class=\"elementor elementor-12992\">\n\t\t\t\t\t\t\t\t\t<section class=\"elementor-section elementor-top-section elementor-element elementor-element-b0d6fb2 elementor-section-boxed elementor-section-height-default elementor-section-height-default\" data-id=\"b0d6fb2\" data-element_type=\"section\">\n\t\t\t\t\t\t<div class=\"elementor-container elementor-column-gap-default\">\n\t\t\t\t\t<div class=\"elementor-column elementor-col-50 elementor-top-column elementor-element elementor-element-aac3e30\" data-id=\"aac3e30\" data-element_type=\"column\">\n\t\t\t<div class=\"elementor-widget-wrap elementor-element-populated\">\n\t\t\t\t\t\t\t\t<div class=\"elementor-element elementor-element-c5fbe52 elementor-widget elementor-widget-toggle\" data-id=\"c5fbe52\" data-element_type=\"widget\" data-widget_type=\"toggle.default\">\n\t\t\t\t<div class=\"elementor-widget-container\">\n\t\t\t<style>\/*! elementor - v3.7.8 - 02-10-2022 *\/\n.elementor-toggle{text-align:left}.elementor-toggle .elementor-tab-title{font-weight:700;line-height:1;margin:0;padding:15px;border-bottom:1px solid #d4d4d4;cursor:pointer;outline:none}.elementor-toggle .elementor-tab-title .elementor-toggle-icon{display:inline-block;width:1em}.elementor-toggle .elementor-tab-title .elementor-toggle-icon svg{-webkit-margin-start:-5px;margin-inline-start:-5px;width:1em;height:1em}.elementor-toggle .elementor-tab-title .elementor-toggle-icon.elementor-toggle-icon-right{float:right;text-align:right}.elementor-toggle .elementor-tab-title .elementor-toggle-icon.elementor-toggle-icon-left{float:left;text-align:left}.elementor-toggle .elementor-tab-title .elementor-toggle-icon .elementor-toggle-icon-closed{display:block}.elementor-toggle .elementor-tab-title .elementor-toggle-icon .elementor-toggle-icon-opened{display:none}.elementor-toggle .elementor-tab-title.elementor-active{border-bottom:none}.elementor-toggle .elementor-tab-title.elementor-active .elementor-toggle-icon-closed{display:none}.elementor-toggle .elementor-tab-title.elementor-active .elementor-toggle-icon-opened{display:block}.elementor-toggle .elementor-tab-content{padding:15px;border-bottom:1px solid #d4d4d4;display:none}@media (max-width:767px){.elementor-toggle .elementor-tab-title{padding:12px}.elementor-toggle .elementor-tab-content{padding:12px 10px}}.e-container>.elementor-widget-toggle{width:var(--container-widget-width,100%)}<\/style>\t\t<div class=\"elementor-toggle\" role=\"tablist\">\n\t\t\t\t\t\t\t<div class=\"elementor-toggle-item\">\n\t\t\t\t\t<div id=\"elementor-tab-title-2071\" class=\"elementor-tab-title\" data-tab=\"1\" role=\"tab\" aria-controls=\"elementor-tab-content-2071\" aria-expanded=\"false\">\n\t\t\t\t\t\t\t\t\t\t\t\t<span class=\"elementor-toggle-icon elementor-toggle-icon-left\" aria-hidden=\"true\">\n\t\t\t\t\t\t\t\t\t\t\t\t\t\t\t<span class=\"elementor-toggle-icon-closed\"><i class=\"fas fa-caret-right\"><\/i><\/span>\n\t\t\t\t\t\t\t\t<span class=\"elementor-toggle-icon-opened\"><i class=\"elementor-toggle-icon-opened fas fa-caret-up\"><\/i><\/span>\n\t\t\t\t\t\t\t\t\t\t\t\t\t<\/span>\n\t\t\t\t\t\t\t\t\t\t\t\t<a href=\"\" class=\"elementor-toggle-title\">FORMATION QLIK SENSE BUSINESS ANALYST <\/a>\n\t\t\t\t\t<\/div>\n\n\t\t\t\t\t<div id=\"elementor-tab-content-2071\" class=\"elementor-tab-content elementor-clearfix\" data-tab=\"1\" role=\"tabpanel\" aria-labelledby=\"elementor-tab-title-2071\"><h2>Objectifs de la formation<\/h2><p>Cette<strong>\u00a0<\/strong><strong>formation Qlik Sense Business Analyst<\/strong>\u00a0permet \u00e0 ses participants de d\u00e9couvrir Qlik Sense Desktop, Qlik Sense Cloud, Qlik Sense Entreprise et de comprendre l\u2019architecture d\u2019une application Qlik Sense.<\/p><p>\u00a0<\/p><p>\u00c0 l&#8217;issue de cette\u00a0<strong>formation Qlik Sense Business Analyst<\/strong>, les participants auront acquis les connaissances et les comp\u00e9tences n\u00e9cessaires pour :<\/p><ul><li>Conna\u00eetre l&#8217;architecture d&#8217;une application Qlik Sense<\/li><li>Naviguer dans une application Qlik Sense<\/li><li>Cr\u00e9er une premi\u00e8re application en utilisant le mode assistant<\/li><li>Charger et transformer les donn\u00e9es<\/li><li>Mod\u00e9liser correctement les donn\u00e9es avec Qlik Sense<\/li><li>Conna\u00eetre les diff\u00e9rents cas d\u2019utilisation des visualisations<\/li><li>Cr\u00e9er un multiple choix de visualisation et de mise en r\u00e9cit<\/li><li>Savoir publier l\u2019application et collaborer.<\/li><\/ul><h2>\u00c0 qui s&#8217;adresse cette formation ?<\/h2><p><strong>Public :<\/strong><\/p><p>Cette formation est destin\u00e9e aux consultants, analystes et experts m\u00e9tier, concepteurs et utilisateurs finaux.<\/p><p><strong>Pr\u00e9requis :<\/strong><\/p><p>Il est n\u00e9cessaire de savoir utiliser un tableur de type Excel afin de suivre ce stage. Une\u00a0connaissance de la mod\u00e9lisation et des bases des donn\u00e9es est un plus<\/p><h2>\u00a0Contenu du cours<\/h2><ol><li><h3>Pr\u00e9sentation de Qlik Sense<\/h3><p>Qlik Sense en bref<br \/>Qlik Sense vs QlikView<br \/>Architecture d\u2019une application Qlik Sense<br \/>Navigation dans l\u2019interface utilisateur<br \/>&#8211;\u00a0 Le hub<br \/>&#8211;\u00a0 Mode Feuille<br \/>&#8211;\u00a0 Mode Mise en r\u00e9cit<br \/>&#8211;\u00a0 Gestionnaire des donn\u00e9es<br \/>&#8211;\u00a0 \u00c9diteur de chargement de donn\u00e9es<br \/>&#8211;\u00a0 Visionneur de mod\u00e8le de donn\u00e9es<\/p><h3>Cr\u00e9ation d\u2019une application Qlik Sense<\/h3><p><strong>Gestion des donn\u00e9es<\/strong><strong>\u00a0<\/strong><\/p><p>Gestionnaire de donn\u00e9es Qlik Sense :<br \/>&#8211;\u00a0 Ajout de donn\u00e9es \u00e0 l\u2019application<br \/>&#8211;\u00a0 \u00c9dition d\u2019une table<br \/>&#8211;\u00a0 Gestion des associations des donn\u00e9es<br \/>&#8211;\u00a0 Connexion aux sources de donn\u00e9es<br \/>&#8211;\u00a0 Mod\u00e8le de donn\u00e9es : Cr\u00e9ation d\u2019une dimension et d\u2019une mesure<\/p><p><strong>Cr\u00e9ation de visualisations<\/strong><\/p><p>Structuration d\u2019une application<br \/>Visualisation :<br \/>&#8211;\u00a0 Mesures et dimensions<br \/>&#8211;\u00a0 Cas d\u2019utilisation des graphiques<br \/>&#8211;\u00a0 \u00c9l\u00e9ments principaux<br \/>&#8211;\u00a0 Utilisation des expressions<\/p><h3>Collaboration et Administration dans Qlik Sense<\/h3><p>Mise en r\u00e9cit des donn\u00e9es<br \/>Publication<\/p><h3>Conclusion<\/h3><p>Que faut-il retenir?<\/p><\/li><\/ol><\/div>\n\t\t\t\t<\/div>\n\t\t\t\t\t\t\t<div class=\"elementor-toggle-item\">\n\t\t\t\t\t<div id=\"elementor-tab-title-2072\" class=\"elementor-tab-title\" data-tab=\"2\" role=\"tab\" aria-controls=\"elementor-tab-content-2072\" aria-expanded=\"false\">\n\t\t\t\t\t\t\t\t\t\t\t\t<span class=\"elementor-toggle-icon elementor-toggle-icon-left\" aria-hidden=\"true\">\n\t\t\t\t\t\t\t\t\t\t\t\t\t\t\t<span class=\"elementor-toggle-icon-closed\"><i class=\"fas fa-caret-right\"><\/i><\/span>\n\t\t\t\t\t\t\t\t<span class=\"elementor-toggle-icon-opened\"><i class=\"elementor-toggle-icon-opened fas fa-caret-up\"><\/i><\/span>\n\t\t\t\t\t\t\t\t\t\t\t\t\t<\/span>\n\t\t\t\t\t\t\t\t\t\t\t\t<a href=\"\" class=\"elementor-toggle-title\">FORMATION QLIK SENSE DATA ARCHITECT<\/a>\n\t\t\t\t\t<\/div>\n\n\t\t\t\t\t<div id=\"elementor-tab-content-2072\" class=\"elementor-tab-content elementor-clearfix\" data-tab=\"2\" role=\"tabpanel\" aria-labelledby=\"elementor-tab-title-2072\"><h2>Objectifs de la formation<\/h2><p>L&#8217;objectif de cette\u00a0<strong>formation Qlik Sense Data Architrect<\/strong>\u00a0est de vous apprendre \u00e0 cr\u00e9er une application Qlick Sense avanc\u00e9e apr\u00e8s avoir bien compris l\u2019architecture et les outils Qlik Sense Desktop, Qlik Sense Cloud et Qlik Sense Entreprise.\u00a0<\/p><p>\u00c0 l&#8217;issue de cette formation, vous aurez acquis les connaissances et les comp\u00e9tences n\u00e9cessaires pour :<\/p><ul><li>Conna\u00eetre et comprendre les outils Qlik Sense Desktop, Qlik Sense Cloud et Qlik Sense Entreprise<\/li><li>Voir l\u2019architecture d\u2019une application Qlik Sense<\/li><li>Apprendre \u00e0 cr\u00e9er une application avanc\u00e9e<\/li><li>Connexion aux diff\u00e9rentes sources de donn\u00e9es<\/li><li>Edition des donn\u00e9es \u00e0 charger<\/li><li>Acc\u00e8s \u00e0 des donn\u00e9es volumineux<\/li><li>Meilleures pratiques de mod\u00e9lisation des donn\u00e9es<\/li><li>Conception de visualisation et des r\u00e9cits<\/li><li>Gestion de la s\u00e9curit\u00e9<\/li><\/ul><h2>\u00c0 qui s&#8217;adresse cette formation ?<\/h2><p><strong>Public :<\/strong><\/p><p>Ce cours est destin\u00e9 aux consultants, concepteurs et d\u00e9veloppeurs.<\/p><p><strong>Pr\u00e9requis :<\/strong><\/p><p>Afin de suivre ce stage, il est n\u00e9cessaire de conna\u00eetre SQL. La connaissance de la mod\u00e9lisation et des bases de donn\u00e9es est un plus.<\/p><h2>\u00a0Contenu du cours<\/h2><ol><li><h3>Apprendre \u00e0 conna\u00eetre Qlik Sense<\/h3><p>Qlik Sense en quelques mots<br \/>Qlik Sense versus QlikView<br \/>Architecture d\u2019une application Qlik Sense<br \/>Navigation dans l\u2019interface utilisateur<br \/>&#8211;\u00a0 Le hub<br \/>&#8211;\u00a0 Le mode Feuille<br \/>&#8211;\u00a0 Le mode Mise en r\u00e9cit<br \/>&#8211;\u00a0 Le gestionnaire de donn\u00e9es<br \/>&#8211;\u00a0 L&#8217;\u00e9diteur de chargement de donn\u00e9es<br \/>&#8211;\u00a0 Le visionneur de mod\u00e8le de donn\u00e9es<\/p><h3>Savoir cr\u00e9er une application Qlik Sense<\/h3><p><strong>G\u00e9rer les donn\u00e9es<\/strong><\/p><p>Le gestionnaire de donn\u00e9es Qlik Sense en mode assistant :<br \/>&#8211;\u00a0 Connexion aux donn\u00e9es<br \/>&#8211;\u00a0 Ajout de donn\u00e9es \u00e0 l\u2019application<br \/>&#8211;\u00a0 \u00c9dition d\u2019une table<br \/>&#8211;\u00a0 Gestion des associations des donn\u00e9es<br \/>Chargement de donn\u00e9es Qlik Sense via le script :<br \/>&#8211;\u00a0 Connexion et s\u00e9lection des donn\u00e9es<br \/>&#8211;\u00a0 Utilisation des QVD<br \/>&#8211;\u00a0 Manipulation des donn\u00e9es<br \/>Meilleures pratiques de mod\u00e9lisation de donn\u00e9es<\/p><p><strong>Cr\u00e9er des visualisations<\/strong><\/p><p>Structuration d\u2019une application<br \/>Visualisation<br \/>&#8211;\u00a0 Mesures et dimensions<br \/>&#8211;\u00a0 Expression et Analyses d\u2019ensembles<\/p><h3>La Collaboration et l&#8217;Administration dans Qlik Sense<\/h3><p>Mise en r\u00e9cit des donn\u00e9es<br \/>Publication<br \/>Gestion de la s\u00e9curit\u00e9 dans une application<\/p><h3>Conclusion<\/h3><p>Que faut-il retenir ?<\/p><\/li><\/ol><\/div>\n\t\t\t\t<\/div>\n\t\t\t\t\t\t\t<div class=\"elementor-toggle-item\">\n\t\t\t\t\t<div id=\"elementor-tab-title-2073\" class=\"elementor-tab-title\" data-tab=\"3\" role=\"tab\" aria-controls=\"elementor-tab-content-2073\" aria-expanded=\"false\">\n\t\t\t\t\t\t\t\t\t\t\t\t<span class=\"elementor-toggle-icon elementor-toggle-icon-left\" aria-hidden=\"true\">\n\t\t\t\t\t\t\t\t\t\t\t\t\t\t\t<span class=\"elementor-toggle-icon-closed\"><i class=\"fas fa-caret-right\"><\/i><\/span>\n\t\t\t\t\t\t\t\t<span class=\"elementor-toggle-icon-opened\"><i class=\"elementor-toggle-icon-opened fas fa-caret-up\"><\/i><\/span>\n\t\t\t\t\t\t\t\t\t\t\t\t\t<\/span>\n\t\t\t\t\t\t\t\t\t\t\t\t<a href=\"\" class=\"elementor-toggle-title\">FORMATION QLIK SENSE SYSTEM ADMINISTRATOR<\/a>\n\t\t\t\t\t<\/div>\n\n\t\t\t\t\t<div id=\"elementor-tab-content-2073\" class=\"elementor-tab-content elementor-clearfix\" data-tab=\"3\" role=\"tabpanel\" aria-labelledby=\"elementor-tab-title-2073\"><h2>Objectifs de la formation<\/h2><p>Cette formation Qlik Sense System Administrator vous apprend \u00e0 administrer et \u00e0 maintenir le syst\u00e8me Qlik Sense dans une optique de mise en \u0153uvre serveur.<\/p><h2>\u00c0 qui s&#8217;adresse cette formation ?<\/h2><p><strong>Public :<\/strong><\/p><p>Ce cours est destin\u00e9 aux chefs de projets, aux administrateurs Qlik Sense et aux consultants en impl\u00e9mentation.<\/p><p><strong>Pr\u00e9requis :<\/strong><\/p><p>Pour suivre cette formation Qlik Sense System Administrateur vous aurez besoin de bien conna\u00eetre l\u2019administration de base de Windows Server, Active Directory et la s\u00e9curit\u00e9.<\/p><h2>\u00a0Contenu du cours<\/h2><ol><li><h3>Architecture Qlik Sense<\/h3><p>Description g\u00e9n\u00e9rale de l&#8217;outil<br \/>D\u00e9finitions et termes sp\u00e9cifiques \u00e0 Qlik Sense<br \/>Conna\u00eetre les composants indispensables<br \/>Comprendre le mod\u00e8le de donn\u00e9es de Qlik Sense<br \/>L\u2019interface de la console de management : principes et description<br \/>M\u00e9thodologie : les \u00e9tapes \u00e0 suivre<\/p><h3>Installer Qlik Sense<\/h3><p>Installation d&#8217;un n\u0153ud Qlik Sense server<\/p><h3>Utiliser QMC, la console de management Qlik Sense<\/h3><p>Structure et principes de la console<br \/>Utilisation de la console de management<\/p><h3>Administration de base de Qlik Sense<\/h3><p>Cr\u00e9er et g\u00e9rer des utilisateurs<br \/>Apprendre \u00e0 g\u00e9rer les applications, les objets, les flux et t\u00e2ches<br \/>Savoir g\u00e9rer la s\u00e9curit\u00e9 des acc\u00e8s \u00e0 Qlik Sense<\/p><h3>La s\u00e9curit\u00e9 avec Qlik Sense<\/h3><p>Audit de la s\u00e9curit\u00e9 du syst\u00e8me<br \/>Param\u00e9trage des r\u00e8gles d\u2019acc\u00e8s aux donn\u00e9es<br \/>Configuration les jetons de licences utilisateurs<br \/>Savoir ajouter et g\u00e9rer des connexions aux donn\u00e9es<\/p><h3>Librairies de contenu et extensions<\/h3><p>Ajouter et g\u00e9rer des connexions aux donn\u00e9es<br \/>Ajouter et g\u00e9rer des librairies de contenu<\/p><h3>Supervision et Diagnostic<\/h3><h3>Superviser et diagnostiquer des dysfonctionnements<\/h3><\/li><\/ol><\/div>\n\t\t\t\t<\/div>\n\t\t\t\t\t\t\t<div class=\"elementor-toggle-item\">\n\t\t\t\t\t<div id=\"elementor-tab-title-2074\" class=\"elementor-tab-title\" data-tab=\"4\" role=\"tab\" aria-controls=\"elementor-tab-content-2074\" aria-expanded=\"false\">\n\t\t\t\t\t\t\t\t\t\t\t\t<span class=\"elementor-toggle-icon elementor-toggle-icon-left\" aria-hidden=\"true\">\n\t\t\t\t\t\t\t\t\t\t\t\t\t\t\t<span class=\"elementor-toggle-icon-closed\"><i class=\"fas fa-caret-right\"><\/i><\/span>\n\t\t\t\t\t\t\t\t<span class=\"elementor-toggle-icon-opened\"><i class=\"elementor-toggle-icon-opened fas fa-caret-up\"><\/i><\/span>\n\t\t\t\t\t\t\t\t\t\t\t\t\t<\/span>\n\t\t\t\t\t\t\t\t\t\t\t\t<a href=\"\" class=\"elementor-toggle-title\">FORMATION QLIKVIEW BUSINESS ANALYST <\/a>\n\t\t\t\t\t<\/div>\n\n\t\t\t\t\t<div id=\"elementor-tab-content-2074\" class=\"elementor-tab-content elementor-clearfix\" data-tab=\"4\" role=\"tabpanel\" aria-labelledby=\"elementor-tab-title-2074\"><h2>Objectifs de la formation<\/h2><p>Cette\u00a0<strong>formation QlikView Business Analyst<\/strong>\u00a0vous permettra de mettre en oeuvre des applications intuitives et performantes Qlikview et d&#8217;acqu\u00e9rir une m\u00e9thodologie de mise en \u0153uvre.<\/p><p>\u00c0 l&#8217;issue de cette formation, vous aurez acquis les connaissances et les comp\u00e9tences n\u00e9cessaires pour :<\/p><ul><li>Comprendre et mettre en oeuvre l\u2019architecture d\u2019un mod\u00e8le de donn\u00e9es QlikView<\/li><li>Savoir construire efficacement une application QlikView\u00a0<\/li><li>Comprendre l&#8217;utilisation de base des objets QlikView\u00a0<\/li><li>Etre capable d&#8221;\u00e9valuer quel graphique fournira la meilleure repr\u00e9sentation de donn\u00e9es<\/li><\/ul><h2>\u00c0 qui s&#8217;adresse cette formation ?<\/h2><p><strong>Public :<\/strong><\/p><p>Cette formation QlikView Business Analyst est destin\u00e9e aux chefs de projets, concepteurs, consultants, d\u00e9veloppeurs et utilisateurs finaux.<\/p><p><strong>Pr\u00e9requis :<\/strong><\/p><p>Cette formation n\u00e9cessite la ma\u00eetrise des concepts informatiques de base et il est recommand\u00e9 de poss\u00e9der des notions sur les indicateurs.<\/p><h2>\u00a0Contenu du cours<\/h2><ol><li><h3>Architecture Qlikview 12<\/h3><p>Description g\u00e9n\u00e9rale de Qlikview<br \/>D\u00e9finitions et terminologie<br \/>Composants majeurs de Qlikview<\/p><h3>Pr\u00e9sentation de l\u2019interface de Qlikview 12<\/h3><p>L\u2019interface : principes et description<br \/>M\u00e9thodologie: les \u00e9tapes \u00e0 suivre<br \/>Utiliser l\u2019interface<br \/>Mettre en \u0153uvre une feuille<br \/>Impl\u00e9menter une liste d\u00e9roulante<br \/>Impl\u00e9menter une table<\/p><h3>Cr\u00e9er des objets<\/h3><p>Principe de cr\u00e9ation d\u2019objets personnalis\u00e9s<br \/>Utiliser des objets<br \/>Mettre en \u0153uvre des tris<br \/>Importer et exporter des donn\u00e9es<br \/>Cr\u00e9er et utiliser des onglets<\/p><h3>Exploiter des objets multidimensionnels<\/h3><p>Mettre en \u0153uvre des tableaux pivot<br \/>Impl\u00e9menter des tableaux simples avec des expressions multiples<\/p><h3>Les objets compl\u00e9mentaires<\/h3><p>Les jauges<br \/>Les boutons<br \/>Les r\u00e9cipients<br \/>Les objets glissi\u00e8re \/ calendrier<br \/>Les objets li\u00e9s<\/p><h3>Cr\u00e9er et g\u00e9rer les rapports Qlikview 12<\/h3><p>Mettre en \u0153uvre des calculs<br \/>Utiliser le set analysis<br \/>Impl\u00e9menter des variables<br \/>L&#8217;utilisation avanc\u00e9e des listes<br \/>Mettre en \u0153uvre la recherche associative<\/p><\/li><\/ol><\/div>\n\t\t\t\t<\/div>\n\t\t\t\t\t\t\t<div class=\"elementor-toggle-item\">\n\t\t\t\t\t<div id=\"elementor-tab-title-2075\" class=\"elementor-tab-title\" data-tab=\"5\" role=\"tab\" aria-controls=\"elementor-tab-content-2075\" aria-expanded=\"false\">\n\t\t\t\t\t\t\t\t\t\t\t\t<span class=\"elementor-toggle-icon elementor-toggle-icon-left\" aria-hidden=\"true\">\n\t\t\t\t\t\t\t\t\t\t\t\t\t\t\t<span class=\"elementor-toggle-icon-closed\"><i class=\"fas fa-caret-right\"><\/i><\/span>\n\t\t\t\t\t\t\t\t<span class=\"elementor-toggle-icon-opened\"><i class=\"elementor-toggle-icon-opened fas fa-caret-up\"><\/i><\/span>\n\t\t\t\t\t\t\t\t\t\t\t\t\t<\/span>\n\t\t\t\t\t\t\t\t\t\t\t\t<a href=\"\" class=\"elementor-toggle-title\">FORMATION QLIKVIEW DATE ARCHITECT <\/a>\n\t\t\t\t\t<\/div>\n\n\t\t\t\t\t<div id=\"elementor-tab-content-2075\" class=\"elementor-tab-content elementor-clearfix\" data-tab=\"5\" role=\"tabpanel\" aria-labelledby=\"elementor-tab-title-2075\"><h2>Objectifs de la formation<\/h2><p>Concr\u00e8tement apr\u00e8s avoir suivi cette formation QlikView Data Architect, vous aurez acquis les connaissances et comp\u00e9tences n\u00e9cessaires pour:\u00a0<\/p><ul><li>Charger les donn\u00e9es \u00e0 analyser<\/li><li>Mod\u00e9liser les donn\u00e9es<\/li><li>Utiliser le langage de scripting de donn\u00e9es<\/li><li>R\u00e9soudre des probl\u00e8mes li\u00e9s \u00e0 la structure des donn\u00e9es<\/li><li>Optimiser les donn\u00e9es<\/li><\/ul><h2>\u00c0 qui s&#8217;adresse cette formation ?<\/h2><p><strong>Public :<\/strong><\/p><p>Ce stage QlikView Data Archtect (Ex Developer) est destin\u00e9 aux concepteurs et d\u00e9veloppeurs QlikView.<\/p><p><strong>Pr\u00e9requis :<\/strong><\/p><p>Cette formation QlikView Data Architect Version 12 n\u00e9cessite d&#8217;avoir suivi le cours\u00a0QlikView Business Analyst 12\u00a0(BIQL001).<\/p><h2>\u00a0Contenu du cours<\/h2><ol><li><h3>MODELE DE DONNEES QLIKVIEW<\/h3><p>Rappel : structures des donn\u00e9es dans QlikView et recommandations de base.<br \/>Pr\u00e9paration des donn\u00e9es avant chargement.<br \/>Chargement des donn\u00e9es \u00e0 partir d&#8217;un fichier\/base de donn\u00e9es.<br \/>R\u00e9f\u00e9rence circulaire et table synth\u00e9tique.<br \/>Rechargement partiel et &#8220;Direct Discovery&#8221;.<\/p><p><strong><em>Travaux pratiques<\/em><\/strong><\/p><p><em>Pr\u00e9paration des donn\u00e9es avant chargement.<\/em><em><br \/>R\u00e9soudre les cl\u00e9s synth\u00e9tiques et le chargement partiel.<\/em><\/p><h3>MANIPULATION DES DONNEES<\/h3><p>Syntaxe des scripts : instruction de contr\u00f4le.<br \/>Pr\u00e9fixe &amp; variable.<br \/>Utilisation de VBScript.<br \/>Comment optimiser la performance d&#8217;une application ?<br \/>Expressions de graphique.<\/p><p><strong><em>Travaux pratiques<\/em><\/strong><\/p><p><em>Manipulation des donn\u00e9es via le script.<\/em><em><br \/>Visualisation des donn\u00e9es et utilisation des expressions et variables.<\/em><\/p><h3>OPTIONS AVANCEES DE MODELISATION<\/h3><p>La cr\u00e9ation d&#8217;un document QlikView \u00e0 partir de tables d&#8217;une source de donn\u00e9es relationnelles (OLEDB ou ODBC).<br \/>Ajout d&#8217;enregistrements et de tables \u00e0 l&#8217;aide de &#8220;load inline&#8221;.<br \/>Association de tables via les instructions &#8220;Join&#8221; et &#8220;Keep&#8221;.<br \/>Utilisation des instructions &#8220;MAPPING&#8221;, &#8220;INTERVALLMATCH&#8221;.<br \/>Base de donn\u00e9es g\u00e9n\u00e9rique.<br \/>Utilisation de fichiers QVD (chargement diff\u00e9rentiel).<br \/>Pr\u00e9sentation des meilleures pratiques de mod\u00e9lisation sur une \u00e9tude de cas : mise en place d&#8217;un mod\u00e8le en \u00e9toile.<br \/>Comment r\u00e9soudre les probl\u00e8mes d&#8217;ex\u00e9cution (Debbuger) ?<\/p><p><strong><em>Travaux pratiques<\/em><\/strong><\/p><p><em>Associations (join et keep).<\/em><em><br \/>Chargement diff\u00e9rentiel.<br \/>Bonnes pratiques de mod\u00e9lisation.<br \/>Debbuger.<\/em><\/p><h3>LES DIFFERENTS NIVEAUX DE SECURITE DANS QLIKVIEW<\/h3><p>S\u00e9curit\u00e9 : Gestion de la &#8220;Section Access&#8221; et &#8220;Section Application&#8221;.<br \/>Restriction de l&#8217;utilisation des fonctionnalit\u00e9s de QlikView (Objet, feuille, document).<br \/>La console d&#8217;administration (QlikView Management console, QMC).<br \/>Conclusion : que faut il retenir ?<\/p><p><strong><em>Travaux pratiques<\/em><\/strong><\/p><p><em>Application d&#8217;une s\u00e9curit\u00e9 au niveau des fonctionnalit\u00e9 de QlikView.<\/em><em><br \/>Restriction des donn\u00e9es selon l&#8217;utilisateur.<\/em><\/p><\/li><\/ol><\/div>\n\t\t\t\t<\/div>\n\t\t\t\t\t\t\t\t<\/div>\n\t\t\t\t<\/div>\n\t\t\t\t<\/div>\n\t\t\t\t\t<\/div>\n\t\t<\/div>\n\t\t\t\t<div class=\"elementor-column elementor-col-50 elementor-top-column elementor-element elementor-element-f92389c\" data-id=\"f92389c\" data-element_type=\"column\">\n\t\t\t<div class=\"elementor-widget-wrap elementor-element-populated\">\n\t\t\t\t\t\t\t\t<div class=\"elementor-element elementor-element-efb6798 elementor-widget elementor-widget-image\" data-id=\"efb6798\" data-element_type=\"widget\" data-widget_type=\"image.default\">\n\t\t\t\t<div class=\"elementor-widget-container\">\n\t\t\t<style>\/*! elementor - v3.7.8 - 02-10-2022 *\/\n.elementor-widget-image{text-align:center}.elementor-widget-image a{display:inline-block}.elementor-widget-image a img[src$=\".svg\"]{width:48px}.elementor-widget-image img{vertical-align:middle;display:inline-block}<\/style>\t\t\t\t\t\t\t\t\t\t\t\t<img loading=\"lazy\" decoding=\"async\" width=\"1024\" height=\"284\" src=\"https:\/\/705consulting.com\/wp-content\/uploads\/2021\/01\/fous-1024x284.jpg\" class=\"attachment-large size-large\" alt=\"\" srcset=\"https:\/\/705consulting.com\/wp-content\/uploads\/2021\/01\/fous-1024x284.jpg 1024w, https:\/\/705consulting.com\/wp-content\/uploads\/2021\/01\/fous-300x83.jpg 300w, https:\/\/705consulting.com\/wp-content\/uploads\/2021\/01\/fous-768x213.jpg 768w, https:\/\/705consulting.com\/wp-content\/uploads\/2021\/01\/fous-1536x426.jpg 1536w, https:\/\/705consulting.com\/wp-content\/uploads\/2021\/01\/fous.jpg 1920w\" sizes=\"auto, (max-width: 1024px) 100vw, 1024px\" \/>\t\t\t\t\t\t\t\t\t\t\t\t\t\t\t<\/div>\n\t\t\t\t<\/div>\n\t\t\t\t\t<\/div>\n\t\t<\/div>\n\t\t\t\t\t\t\t<\/div>\n\t\t<\/section>\n\t\t\t\t\t\t\t<\/div>\n\t\t","protected":false},"excerpt":{"rendered":"<p>FORMATION QLIK SENSE BUSINESS ANALYST Objectifs de la formation Cette\u00a0formation Qlik Sense Business Analyst\u00a0permet \u00e0 ses participants de d\u00e9couvrir Qlik Sense Desktop, Qlik Sense Cloud, Qlik Sense Entreprise et de comprendre l\u2019architecture d\u2019une application Qlik Sense. \u00a0 \u00c0 l&#8217;issue de cette\u00a0formation Qlik Sense Business Analyst, les participants auront acquis les connaissances et les comp\u00e9tences n\u00e9cessaires [&hellip;]<\/p>\n","protected":false},"author":1,"featured_media":0,"parent":0,"menu_order":0,"comment_status":"closed","ping_status":"closed","template":"","meta":{"footnotes":""},"class_list":["post-12992","page","type-page","status-publish","hentry"],"_links":{"self":[{"href":"https:\/\/705consulting.com\/index.php\/wp-json\/wp\/v2\/pages\/12992","targetHints":{"allow":["GET"]}}],"collection":[{"href":"https:\/\/705consulting.com\/index.php\/wp-json\/wp\/v2\/pages"}],"about":[{"href":"https:\/\/705consulting.com\/index.php\/wp-json\/wp\/v2\/types\/page"}],"author":[{"embeddable":true,"href":"https:\/\/705consulting.com\/index.php\/wp-json\/wp\/v2\/users\/1"}],"replies":[{"embeddable":true,"href":"https:\/\/705consulting.com\/index.php\/wp-json\/wp\/v2\/comments?post=12992"}],"version-history":[{"count":4,"href":"https:\/\/705consulting.com\/index.php\/wp-json\/wp\/v2\/pages\/12992\/revisions"}],"predecessor-version":[{"id":12996,"href":"https:\/\/705consulting.com\/index.php\/wp-json\/wp\/v2\/pages\/12992\/revisions\/12996"}],"wp:attachment":[{"href":"https:\/\/705consulting.com\/index.php\/wp-json\/wp\/v2\/media?parent=12992"}],"curies":[{"name":"wp","href":"https:\/\/api.w.org\/{rel}","templated":true}]}}